{"id":80,"date":"2024-03-24T00:51:49","date_gmt":"2024-03-23T23:51:49","guid":{"rendered":"https:\/\/operacode.com\/stb_ntm\/?page_id=80"},"modified":"2024-06-25T21:17:10","modified_gmt":"2024-06-25T19:17:10","slug":"storia","status":"publish","type":"page","link":"https:\/\/operacode.com\/stb_ntm\/storia\/","title":{"rendered":"Storia"},"content":{"rendered":"\t\t<div data-elementor-type=\"wp-page\" data-elementor-id=\"80\" class=\"elementor elementor-80\">\n\t\t\t\t<div class=\"elementor-element elementor-element-543e75f e-con-full e-flex e-con e-parent\" data-id=\"543e75f\" data-element_type=\"container\">\n\t\t\t\t<div class=\"elementor-element elementor-element-6c987cb elementor-widget elementor-widget-text-editor\" data-id=\"6c987cb\" data-element_type=\"widget\" data-widget_type=\"text-editor.default\">\n\t\t\t\t<div class=\"elementor-widget-container\">\n\t\t\t<style>\/*! elementor - v3.23.0 - 15-07-2024 *\/\n.elementor-widget-text-editor.elementor-drop-cap-view-stacked .elementor-drop-cap{background-color:#69727d;color:#fff}.elementor-widget-text-editor.elementor-drop-cap-view-framed .elementor-drop-cap{color:#69727d;border:3px solid;background-color:transparent}.elementor-widget-text-editor:not(.elementor-drop-cap-view-default) .elementor-drop-cap{margin-top:8px}.elementor-widget-text-editor:not(.elementor-drop-cap-view-default) .elementor-drop-cap-letter{width:1em;height:1em}.elementor-widget-text-editor .elementor-drop-cap{float:left;text-align:center;line-height:1;font-size:50px}.elementor-widget-text-editor .elementor-drop-cap-letter{display:inline-block}<\/style>\t\t\t\tSTB NTM \u00e8 nata per soddisfare la necessit\u00e0 di materiali di packaging affidabili e di qualit\u00e0 nel settore del tabacco. Con anni di esperienza e una tradizione familiare che ci ha permesso di sviluppare una profonda conoscenza del settore, siamo diventati un fornitore di fiducia per i nostri clienti. La nostra crescita \u00e8 stata sostenuta da un impegno costante verso l&#8217;innovazione e la qualit\u00e0, offrendo soluzioni su misura che rispondono alle esigenze specifiche del mercato. La nostra gamma di prodotti include filtri, nastri in alluminio, colle, carta, buste e pacchetti, collarini e filtri, garantendo una soluzione completa per il packaging del tabacco.\t\t\t\t\t\t<\/div>\n\t\t\t\t<\/div>\n\t\t\t\t<\/div>\n\t\t<div class=\"elementor-element elementor-element-bc78efa e-flex e-con-boxed e-con e-parent\" data-id=\"bc78efa\" data-element_type=\"container\">\n\t\t\t\t\t<div class=\"e-con-inner\">\n\t\t\t\t<div class=\"elementor-element elementor-element-cf71f3a elementor-widget elementor-widget-text-editor\" data-id=\"cf71f3a\" data-element_type=\"widget\" data-widget_type=\"text-editor.default\">\n\t\t\t\t<div class=\"elementor-widget-container\">\n\t\t\t\t\t\t\t<div class=\"gmedia_gallery amron_module is_bot\" id=\"GmediaGallery_4\" data-gmid=\"4\" data-module=\"amron\"><script type=\"text\/javascript\">\n\t(function() {\n\t\tthis['GmediaGallery_4'] = {\n\t\t\t'settings':{\"collectionThumbRecomendedWidth\":\"260\",\"collectionPreloaderColor\":\"333333\",\"linkTargetWindow\":\"_blank\",\"thumbSpacing\":\"10\",\"tagsFilter\":\"1\",\"tagCloudAll\":\"All\",\"tagCloudTextColor\":\"rgba(0, 0, 0, 1)\",\"tagCloudTextColorOver\":\"rgba(255,255, 255, 1)\",\"tagCloudBgColor\":\"rgba(211, 211, 211, 1)\",\"tagCloudBgColorOver\":\"rgba(11, 11, 11, 1)\",\"collectionThumbHoverColor\":\"rgba(0, 0, 0, .7)\",\"collectionThumbContentBGColor\":\"rgba(245,245,245,1)\",\"collectionThumbTitleShow\":\"1\",\"collectionThumbTitleColor\":\"rgba(0,0,0,1)\",\"collectionThumbFontSize\":\"18\",\"collectionThumbDescriptionShow\":\"1\",\"collectionThumbDescriptionColor\":\"rgba(0,0,0,1)\",\"collectionThumbDescriptionFontSize\":\"15\",\"collectionReadMoreButtonLabel\":\"Read More\",\"collectionReadMoreButtonLabelColor\":\"rgba(255, 255, 255, 1)\",\"collectionReadMoreButtonBGColor\":\"rgba(0, 0, 0, 1)\",\"collectionReadMoreButtonLabelColorHover\":\"rgba(0, 0, 0, 1)\",\"collectionReadMoreButtonBGColorHover\":\"rgba(235,235,235,1)\",\"modaBgColor\":\"rgba(0,0,0,0.9)\",\"modalInfoBoxBgColor\":\"rgba(255,255,255,1)\",\"modalInfoBoxTitleTextColor\":\"000000\",\"modalInfoBoxTextColor\":\"333333\",\"infoBarCountersEnable\":\"1\",\"infoBarDateInfoEnable\":\"1\",\"lightBoxEnable\":\"1\",\"sliderPreloaderColor\":\"ffffff\",\"sliderBgColor\":\"rgba(0,0,0,0.8)\",\"sliderHeaderFooterBgColor\":\"000000\",\"sliderNavigationColor\":\"rgba(0,0,0,1)\",\"sliderNavigationIconColor\":\"rgba(255,255,255,1)\",\"sliderNavigationColorOver\":\"rgba(255,255,255,1)\",\"sliderNavigationIconColorOver\":\"rgba(0,0,0,1)\",\"sliderItemTitleFontSize\":\"24\",\"sliderItemTitleTextColor\":\"ffffff\",\"sliderThumbBarEnable\":\"0\",\"sliderThumbBarHoverColor\":\"ffffff\",\"sliderThumbSubMenuBackgroundColor\":\"rgba(0,0,0,1)\",\"sliderThumbSubMenuBackgroundColorOver\":\"rgba(255,255,255,1)\",\"sliderThumbSubMenuIconColor\":\"rgba(255,255,255,1)\",\"sliderThumbSubMenuIconHoverColor\":\"rgba(0,0,0,1)\",\"sliderInfoEnable\":\"1\",\"sliderItemDownload\":\"1\",\"sliderItemDiscuss\":\"1\",\"sliderSocialShareEnabled\":\"1\",\"sliderLikesEnabled\":\"1\",\"customCSS\":\"\",\"module_url\":\"https:\\\/\\\/operacode.com\\\/stb_ntm\\\/wp-content\\\/plugins\\\/grand-media\\\/module\\\/amron\",\"license\":\"\",\"post_url\":\"https:\\\/\\\/operacode.com\\\/stb_ntm\\\/wp-json\\\/wp\\\/v2\\\/pages\\\/80\"},\n\t\t\t'appQuery':{\"orderby\":\"custom\",\"order\":\"ASC\",\"album__in\":\"4\",\"status\":[\"publish\"],\"limit\":100},\n\t\t\t'appApi':\"https:\\\/\\\/operacode.com\\\/stb_ntm\\\/?gmedia-app=1&gmappversion=4&gmmodule=1\",\n\t\t\t'appInfo':{\"name\":\"STB-NTM\",\"description\":\"\"}};\n\t})();\n<\/script>\n<\/div>\t\t\t\t\t\t<\/div>\n\t\t\t\t<\/div>\n\t\t\t\t\t<\/div>\n\t\t\t\t<\/div>\n\t\t\t\t<\/div>\n\t\t","protected":false},"excerpt":{"rendered":"<p>STB NTM \u00e8 nata per soddisfare la necessit\u00e0 di materiali di packaging affidabili e di qualit\u00e0 nel settore del tabacco. Con anni di esperienza e una tradizione familiare che ci ha permesso di sviluppare una &hellip; <\/p>\n","protected":false},"author":1,"featured_media":0,"parent":0,"menu_order":0,"comment_status":"closed","ping_status":"closed","template":"","meta":{"footnotes":""},"class_list":["post-80","page","type-page","status-publish","hentry","has-single-img"],"_links":{"self":[{"href":"https:\/\/operacode.com\/stb_ntm\/wp-json\/wp\/v2\/pages\/80","targetHints":{"allow":["GET"]}}],"collection":[{"href":"https:\/\/operacode.com\/stb_ntm\/wp-json\/wp\/v2\/pages"}],"about":[{"href":"https:\/\/operacode.com\/stb_ntm\/wp-json\/wp\/v2\/types\/page"}],"author":[{"embeddable":true,"href":"https:\/\/operacode.com\/stb_ntm\/wp-json\/wp\/v2\/users\/1"}],"replies":[{"embeddable":true,"href":"https:\/\/operacode.com\/stb_ntm\/wp-json\/wp\/v2\/comments?post=80"}],"version-history":[{"count":36,"href":"https:\/\/operacode.com\/stb_ntm\/wp-json\/wp\/v2\/pages\/80\/revisions"}],"predecessor-version":[{"id":1088,"href":"https:\/\/operacode.com\/stb_ntm\/wp-json\/wp\/v2\/pages\/80\/revisions\/1088"}],"wp:attachment":[{"href":"https:\/\/operacode.com\/stb_ntm\/wp-json\/wp\/v2\/media?parent=80"}],"curies":[{"name":"wp","href":"https:\/\/api.w.org\/{rel}","templated":true}]}}